{"id":39,"date":"2025-01-17T02:04:30","date_gmt":"2025-01-17T02:04:30","guid":{"rendered":"https:\/\/maisquesorte.com.br\/?page_id=39"},"modified":"2025-01-17T02:04:31","modified_gmt":"2025-01-17T02:04:31","slug":"como-funciona","status":"publish","type":"page","link":"https:\/\/maisquesorte.com.br\/?page_id=39","title":{"rendered":"Como Funciona"},"content":{"rendered":"\n<h3 class=\"wp-block-heading\">Como Funciona o <strong>MaisQueSorte.com.br<\/strong><\/h3>\n\n\n\n<p>O <strong>MaisQueSorte.com.br<\/strong> \u00e9 uma plataforma que facilita sua participa\u00e7\u00e3o em bol\u00f5es de forma pr\u00e1tica, segura e divertida. Abaixo, explicamos passo a passo como tudo funciona:<\/p>\n\n\n\n<hr class=\"wp-block-separator has-alpha-channel-opacity\"\/>\n\n\n\n<h3 class=\"wp-block-heading\">Cadastro e Login<\/h3>\n\n\n\n<p>Para come\u00e7ar, \u00e9 necess\u00e1rio realizar o cadastro no site. O processo \u00e9 simples: basta informar seus dados b\u00e1sicos, criar um login e senha. Ap\u00f3s o cadastro, voc\u00ea precisar\u00e1 efetuar o login para ter acesso \u00e0s funcionalidades exclusivas da plataforma.<\/p>\n\n\n\n<hr class=\"wp-block-separator has-alpha-channel-opacity\"\/>\n\n\n\n<h3 class=\"wp-block-heading\">Escolha do Bol\u00e3o<\/h3>\n\n\n\n<p>Com o acesso garantido, voc\u00ea poder\u00e1 explorar os bol\u00f5es dispon\u00edveis na plataforma. H\u00e1 diversas op\u00e7\u00f5es, abrangendo diferentes modalidades de sorteios. Escolha o bol\u00e3o que mais combina com seus objetivos e expectativas.<\/p>\n\n\n\n<hr class=\"wp-block-separator has-alpha-channel-opacity\"\/>\n\n\n\n<h3 class=\"wp-block-heading\">Forma de Pagamento<\/h3>\n\n\n\n<p>Depois de selecionar o bol\u00e3o desejado, voc\u00ea precisar\u00e1 escolher a forma de pagamento. O <strong>MaisQueSorte.com.br<\/strong> oferece op\u00e7\u00f5es seguras e variadas para facilitar sua experi\u00eancia. Basta selecionar a que for mais conveniente para voc\u00ea.<\/p>\n\n\n\n<hr class=\"wp-block-separator has-alpha-channel-opacity\"\/>\n\n\n\n<h3 class=\"wp-block-heading\">Agora \u00c9 S\u00f3 Torcer!<\/h3>\n\n\n\n<p>Ap\u00f3s realizar o pagamento, sua participa\u00e7\u00e3o no bol\u00e3o estar\u00e1 garantida. Agora \u00e9 s\u00f3 aguardar o sorteio e torcer para que os n\u00fameros escolhidos tragam muita sorte! O site tamb\u00e9m informa sobre os resultados e pr\u00eamios de forma clara e transparente.<\/p>\n\n\n\n<hr class=\"wp-block-separator has-alpha-channel-opacity\"\/>\n\n\n\n<p>O <strong>MaisQueSorte.com.br<\/strong> \u00e9 a maneira ideal de aumentar suas chances de ganhar, apostando em grupo e dividindo a experi\u00eancia com outros participantes. Boa sorte!<\/p>\n","protected":false},"excerpt":{"rendered":"<p>Como Funciona o MaisQueSorte.com.br O MaisQueSorte.com.br \u00e9 uma plataforma que facilita sua participa\u00e7\u00e3o em bol\u00f5es de forma pr\u00e1tica, segura e divertida. Abaixo, explicamos passo a passo como tudo funciona: Cadastro e Login Para come\u00e7ar, \u00e9 necess\u00e1rio realizar o cadastro no site. O processo \u00e9 simples: basta informar seus dados b\u00e1sicos, criar um login e senha. [&hellip;]<\/p>\n","protected":false},"author":1,"featured_media":0,"parent":0,"menu_order":0,"comment_status":"closed","ping_status":"closed","template":"","meta":{"footnotes":""},"class_list":["post-39","page","type-page","status-publish","hentry"],"jetpack_sharing_enabled":true,"_links":{"self":[{"href":"https:\/\/maisquesorte.com.br\/index.php?rest_route=\/wp\/v2\/pages\/39","targetHints":{"allow":["GET"]}}],"collection":[{"href":"https:\/\/maisquesorte.com.br\/index.php?rest_route=\/wp\/v2\/pages"}],"about":[{"href":"https:\/\/maisquesorte.com.br\/index.php?rest_route=\/wp\/v2\/types\/page"}],"author":[{"embeddable":true,"href":"https:\/\/maisquesorte.com.br\/index.php?rest_route=\/wp\/v2\/users\/1"}],"replies":[{"embeddable":true,"href":"https:\/\/maisquesorte.com.br\/index.php?rest_route=%2Fwp%2Fv2%2Fcomments&post=39"}],"version-history":[{"count":1,"href":"https:\/\/maisquesorte.com.br\/index.php?rest_route=\/wp\/v2\/pages\/39\/revisions"}],"predecessor-version":[{"id":40,"href":"https:\/\/maisquesorte.com.br\/index.php?rest_route=\/wp\/v2\/pages\/39\/revisions\/40"}],"wp:attachment":[{"href":"https:\/\/maisquesorte.com.br\/index.php?rest_route=%2Fwp%2Fv2%2Fmedia&parent=39"}],"curies":[{"name":"wp","href":"https:\/\/api.w.org\/{rel}","templated":true}]}}