{"id":45,"date":"2025-01-17T03:06:42","date_gmt":"2025-01-17T03:06:42","guid":{"rendered":"https:\/\/maisquesorte.com.br\/?page_id=45"},"modified":"2025-01-17T03:07:37","modified_gmt":"2025-01-17T03:07:37","slug":"perguntas-frequentesfaq","status":"publish","type":"page","link":"https:\/\/maisquesorte.com.br\/?page_id=45","title":{"rendered":"Perguntas frequentes(faq)"},"content":{"rendered":"\t\t<div data-elementor-type=\"wp-page\" data-elementor-id=\"45\" class=\"elementor elementor-45\" data-elementor-post-type=\"page\">\n\t\t\t\t<div class=\"elementor-element elementor-element-37734112 e-flex e-con-boxed e-con e-parent\" data-id=\"37734112\" data-element_type=\"container\" data-settings=\"{&quot;_ob_use_container_extras&quot;:&quot;no&quot;,&quot;_ob_column_hoveranimator&quot;:&quot;no&quot;,&quot;_ob_glider_is_slider&quot;:&quot;no&quot;,&quot;_ob_column_has_pseudo&quot;:&quot;no&quot;}\">\n\t\t\t\t\t<div class=\"e-con-inner\">\n\t\t\t\t\t<\/div>\n\t\t\t\t<\/div>\n\t\t<div class=\"elementor-element elementor-element-2e702bf e-flex e-con-boxed e-con e-parent\" data-id=\"2e702bf\" data-element_type=\"container\" data-settings=\"{&quot;_ob_use_container_extras&quot;:&quot;no&quot;,&quot;_ob_column_hoveranimator&quot;:&quot;no&quot;,&quot;_ob_glider_is_slider&quot;:&quot;no&quot;,&quot;_ob_column_has_pseudo&quot;:&quot;no&quot;}\">\n\t\t\t\t\t<div class=\"e-con-inner\">\n\t\t\t\t<div class=\"elementor-element elementor-element-7c2c51a4 ob-harakiri-inherit ob-has-background-overlay elementor-widget elementor-widget-text-editor\" data-id=\"7c2c51a4\" data-element_type=\"widget\" data-settings=\"{&quot;_ob_use_harakiri&quot;:&quot;yes&quot;,&quot;_ob_harakiri_writing_mode&quot;:&quot;inherit&quot;,&quot;_ob_postman_use&quot;:&quot;no&quot;,&quot;_ob_perspektive_use&quot;:&quot;no&quot;,&quot;_ob_poopart_use&quot;:&quot;yes&quot;,&quot;_ob_shadough_use&quot;:&quot;no&quot;,&quot;_ob_allow_hoveranimator&quot;:&quot;no&quot;,&quot;_ob_widget_stalker_use&quot;:&quot;no&quot;}\" data-widget_type=\"text-editor.default\">\n\t\t\t\t<div class=\"elementor-widget-container\">\n\t\t\t\t\t\t\t\t\t\n<h3 class=\"wp-block-heading\">O site MaisQueSorte.com.br \u00e9 confi\u00e1vel?<\/h3>\n\n<p>Sim, o <strong>MaisQueSorte.com.br<\/strong> \u00e9 totalmente confi\u00e1vel!<\/p>\n\n<ul class=\"wp-block-list\">\n<li><strong>Seguran\u00e7a<\/strong>: Nosso site utiliza tecnologia SSL (Secure Socket Layer) para garantir que todos os dados sejam criptografados, protegendo as informa\u00e7\u00f5es dos usu\u00e1rios.<\/li>\n\n<li><strong>Provedor de Alta Confiabilidade<\/strong>: Estamos hospedados na <strong>Hostinger<\/strong>, uma das melhores e mais reconhecidas empresas de hospedagem do mercado.<\/li>\n\n<li><strong>Gest\u00e3o Experiente<\/strong>: O site \u00e9 administrado por <strong>Geraldo Leal<\/strong>, que possui mais de 15 anos de experi\u00eancia no ramo de loterias. Al\u00e9m disso, Geraldo gerencia um canal no YouTube com milhares de inscritos, onde compartilha dicas, estrat\u00e9gias e muito mais sobre o universo das loterias.<\/li>\n<\/ul>\n\n<p>Combinamos tecnologia, confiabilidade e experi\u00eancia para garantir uma plataforma segura e transparente para todos os nossos usu\u00e1rios.<\/p>\n\t\t\t\t\t\t\t\t<\/div>\n\t\t\t\t<\/div>\n\t\t\t\t\t<\/div>\n\t\t\t\t<\/div>\n\t\t\t\t<\/div>\n\t\t","protected":false},"excerpt":{"rendered":"<p>O site MaisQueSorte.com.br \u00e9 confi\u00e1vel? Sim, o MaisQueSorte.com.br \u00e9 totalmente confi\u00e1vel! Combinamos tecnologia, confiabilidade e experi\u00eancia para garantir uma plataforma segura e transparente para todos os nossos usu\u00e1rios.<\/p>\n","protected":false},"author":1,"featured_media":0,"parent":0,"menu_order":0,"comment_status":"closed","ping_status":"closed","template":"","meta":{"footnotes":""},"class_list":["post-45","page","type-page","status-publish","hentry"],"jetpack_sharing_enabled":true,"_links":{"self":[{"href":"https:\/\/maisquesorte.com.br\/index.php?rest_route=\/wp\/v2\/pages\/45","targetHints":{"allow":["GET"]}}],"collection":[{"href":"https:\/\/maisquesorte.com.br\/index.php?rest_route=\/wp\/v2\/pages"}],"about":[{"href":"https:\/\/maisquesorte.com.br\/index.php?rest_route=\/wp\/v2\/types\/page"}],"author":[{"embeddable":true,"href":"https:\/\/maisquesorte.com.br\/index.php?rest_route=\/wp\/v2\/users\/1"}],"replies":[{"embeddable":true,"href":"https:\/\/maisquesorte.com.br\/index.php?rest_route=%2Fwp%2Fv2%2Fcomments&post=45"}],"version-history":[{"count":4,"href":"https:\/\/maisquesorte.com.br\/index.php?rest_route=\/wp\/v2\/pages\/45\/revisions"}],"predecessor-version":[{"id":49,"href":"https:\/\/maisquesorte.com.br\/index.php?rest_route=\/wp\/v2\/pages\/45\/revisions\/49"}],"wp:attachment":[{"href":"https:\/\/maisquesorte.com.br\/index.php?rest_route=%2Fwp%2Fv2%2Fmedia&parent=45"}],"curies":[{"name":"wp","href":"https:\/\/api.w.org\/{rel}","templated":true}]}}